{"id":16484,"date":"2022-03-07T10:35:08","date_gmt":"2022-03-07T10:35:08","guid":{"rendered":"https:\/\/blog.ovalmedicalcentre.co.uk\/?page_id=16484"},"modified":"2022-06-07T17:34:12","modified_gmt":"2022-06-07T16:34:12","slug":"efectos-a-largo-plazo-del-covid-dra-natalia-perez","status":"publish","type":"page","link":"https:\/\/blog.ovalmedicalcentre.co.uk\/es\/efectos-a-largo-plazo-del-covid-dra-natalia-perez\/","title":{"rendered":"Efectos a largo plazo del covid\u00a0&#8211; Dra. Natalia Perez"},"content":{"rendered":"\t\t<div data-elementor-type=\"wp-page\" data-elementor-id=\"16484\" class=\"elementor elementor-16484\">\n\t\t\t\t\t\t<section class=\"elementor-section elementor-top-section elementor-element elementor-element-88b3c81 elementor-section-boxed elementor-section-height-default elementor-section-height-default\" data-id=\"88b3c81\" data-element_type=\"section\">\n\t\t\t\t\t\t<div class=\"elementor-container elementor-column-gap-default\">\n\t\t\t\t\t<div class=\"elementor-column elementor-col-100 elementor-top-column elementor-element elementor-element-b46bf12\" data-id=\"b46bf12\" data-element_type=\"column\">\n\t\t\t<div class=\"elementor-widget-wrap elementor-element-populated\">\n\t\t\t\t\t\t<div class=\"elementor-element elementor-element-c67925f elementor-widget elementor-widget-video\" data-id=\"c67925f\" data-element_type=\"widget\" data-settings=\"{&quot;youtube_url&quot;:&quot;https:\\\/\\\/youtu.be\\\/rzHwzjQGax8&quot;,&quot;play_on_mobile&quot;:&quot;yes&quot;,&quot;modestbranding&quot;:&quot;yes&quot;,&quot;show_image_overlay&quot;:&quot;yes&quot;,&quot;image_overlay&quot;:{&quot;url&quot;:&quot;https:\\\/\\\/blog.ovalmedicalcentre.co.uk\\\/wp-content\\\/uploads\\\/2022\\\/03\\\/Covid.jpg&quot;,&quot;id&quot;:16479,&quot;size&quot;:&quot;&quot;,&quot;alt&quot;:&quot;Dra. Natalia Perez&quot;,&quot;source&quot;:&quot;library&quot;},&quot;video_type&quot;:&quot;youtube&quot;,&quot;controls&quot;:&quot;yes&quot;}\" data-widget_type=\"video.default\">\n\t\t\t\t<div class=\"elementor-widget-container\">\n\t\t\t\t\t<div class=\"elementor-wrapper elementor-open-inline\">\n\t\t\t<div class=\"elementor-video\"><\/div>\t\t\t\t<div class=\"elementor-custom-embed-image-overlay\" style=\"background-image: url(https:\/\/blog.ovalmedicalcentre.co.uk\/wp-content\/uploads\/2022\/03\/Covid.jpg);\">\n\t\t\t\t\t\t\t\t\t\t\t\t\t\t<\/div>\n\t\t\t\t\t<\/div>\n\t\t\t\t<\/div>\n\t\t\t\t<\/div>\n\t\t\t\t<div class=\"elementor-element elementor-element-120a0ac elementor-widget elementor-widget-heading\" data-id=\"120a0ac\" data-element_type=\"widget\" data-widget_type=\"heading.default\">\n\t\t\t\t<div class=\"elementor-widget-container\">\n\t\t\t<h2 class=\"elementor-heading-title elementor-size-default\">Efectos a largo plazo del covid - Dra. Natalia Perez<\/h2>\t\t<\/div>\n\t\t\t\t<\/div>\n\t\t\t\t<div class=\"elementor-element elementor-element-210823e elementor-widget elementor-widget-text-editor\" data-id=\"210823e\" data-element_type=\"widget\" data-widget_type=\"text-editor.default\">\n\t\t\t\t<div class=\"elementor-widget-container\">\n\t\t\t\t\t\t\t<span style=\"font-size: 18px;\">Para algunas personas, el coronavirus (COVID-19) puede causar s\u00edntomas que duran semanas o meses despu\u00e9s de que desaparece la infecci\u00f3n. Esto a veces se llama s\u00edndrome post-COVID-19 o &#8220;COVID prolongado&#8221;.<\/span>\t\t\t\t\t\t<\/div>\n\t\t\t\t<\/div>\n\t\t\t\t<div class=\"elementor-element elementor-element-ccb99df elementor-widget elementor-widget-helpful-widget\" data-id=\"ccb99df\" data-element_type=\"widget\" data-widget_type=\"helpful-widget.default\">\n\t\t\t\t<div class=\"elementor-widget-container\">\n\t\t\t<style>.helpful {}<\/style>\n<div class=\"helpful \">\n\n\t\t<div class=\"helpful-header\">\n\t\t<h3 class=\"helpful-headline\">Was this article helpful?<\/h3>\t<\/div><!-- .helpful-header -->\n\t\n\t<div class=\"helpful-content\" role=\"alert\">\n\t\t<span>Let us know if you liked the post. That\u2019s the only way we can improve.<\/span>\n\t<\/div><!-- .helpful-content -->\n\n\t\t<div class=\"helpful-controls\">\n\n\t\t\t\t<div>\n\t\t\t<button class=\"helpful-pro helpful-button\" type=\"button\" data-value=\"pro\" data-post=\"16484\" data-instance=\"237\" role=\"button\">\n\t\t\t\tYes\t\t\t\t<span class=\"helpful-counter\">1<\/span>\t\t\t<\/button>\n\t\t<\/div>\n\t\t\n\t\t\t\t<div>\n\t\t\t<button class=\"helpful-contra helpful-button\" type=\"button\" data-value=\"contra\" data-post=\"16484\" data-instance=\"237\" role=\"button\">\n\t\t\t\tNo\t\t\t\t<span class=\"helpful-counter\">1<\/span>\t\t\t<\/button>\n\t\t<\/div>\n\t\t\n\t<\/div><!-- .helpful-controls -->\n\t\n\t\n<\/div><!-- .helpful -->\n\t\t<\/div>\n\t\t\t\t<\/div>\n\t\t\t\t\t<\/div>\n\t\t<\/div>\n\t\t\t\t\t<\/div>\n\t\t<\/section>\n\t\t\t\t<\/div>\n\t\t","protected":false},"excerpt":{"rendered":"<p>Efectos a largo plazo del covid &#8211; Dra. Natalia Perez Para algunas personas, el coronavirus (COVID-19) puede causar s\u00edntomas que duran semanas o&#8230;<\/p>\n","protected":false},"author":1,"featured_media":16479,"parent":0,"menu_order":0,"comment_status":"closed","ping_status":"closed","template":"","meta":{"footnotes":""},"class_list":["post-16484","page","type-page","status-publish","has-post-thumbnail","hentry"],"yoast_head":"<!-- This site is optimized with the Yoast SEO plugin v22.8 - https:\/\/yoast.com\/wordpress\/plugins\/seo\/ -->\n<title>Efectos a largo plazo del covid\u00a0- Dra. Natalia Perez - Oval Medical Centre Blog<\/title>\n<meta name=\"robots\" content=\"index, follow, max-snippet:-1, max-image-preview:large, max-video-preview:-1\" \/>\n<link rel=\"canonical\" href=\"https:\/\/blog.ovalmedicalcentre.co.uk\/es\/efectos-a-largo-plazo-del-covid-dra-natalia-perez\/\" \/>\n<meta property=\"og:locale\" content=\"es_ES\" \/>\n<meta property=\"og:type\" content=\"article\" \/>\n<meta property=\"og:title\" content=\"Efectos a largo plazo del covid\u00a0- Dra. Natalia Perez - Oval Medical Centre Blog\" \/>\n<meta property=\"og:description\" content=\"Efectos a largo plazo del covid &#8211; Dra. Natalia Perez Para algunas personas, el coronavirus (COVID-19) puede causar s\u00edntomas que duran semanas o...\" \/>\n<meta property=\"og:url\" content=\"https:\/\/blog.ovalmedicalcentre.co.uk\/es\/efectos-a-largo-plazo-del-covid-dra-natalia-perez\/\" \/>\n<meta property=\"og:site_name\" content=\"Oval Medical Centre Blog\" \/>\n<meta property=\"article:modified_time\" content=\"2022-06-07T16:34:12+00:00\" \/>\n<meta property=\"og:image\" content=\"https:\/\/blog.ovalmedicalcentre.co.uk\/wp-content\/uploads\/2022\/03\/Covid.jpg\" \/>\n\t<meta property=\"og:image:width\" content=\"800\" \/>\n\t<meta property=\"og:image:height\" content=\"450\" \/>\n\t<meta property=\"og:image:type\" content=\"image\/jpeg\" \/>\n<meta name=\"twitter:card\" content=\"summary_large_image\" \/>\n<meta name=\"twitter:label1\" content=\"Tiempo de lectura\" \/>\n\t<meta name=\"twitter:data1\" content=\"1 minuto\" \/>\n<script type=\"application\/ld+json\" class=\"yoast-schema-graph\">{\"@context\":\"https:\/\/schema.org\",\"@graph\":[{\"@type\":\"WebPage\",\"@id\":\"https:\/\/blog.ovalmedicalcentre.co.uk\/es\/efectos-a-largo-plazo-del-covid-dra-natalia-perez\/\",\"url\":\"https:\/\/blog.ovalmedicalcentre.co.uk\/es\/efectos-a-largo-plazo-del-covid-dra-natalia-perez\/\",\"name\":\"Efectos a largo plazo del covid\u00a0- Dra. Natalia Perez - Oval Medical Centre Blog\",\"isPartOf\":{\"@id\":\"https:\/\/blog.ovalmedicalcentre.co.uk\/#website\"},\"primaryImageOfPage\":{\"@id\":\"https:\/\/blog.ovalmedicalcentre.co.uk\/es\/efectos-a-largo-plazo-del-covid-dra-natalia-perez\/#primaryimage\"},\"image\":{\"@id\":\"https:\/\/blog.ovalmedicalcentre.co.uk\/es\/efectos-a-largo-plazo-del-covid-dra-natalia-perez\/#primaryimage\"},\"thumbnailUrl\":\"https:\/\/blog.ovalmedicalcentre.co.uk\/wp-content\/uploads\/2022\/03\/Covid.jpg\",\"datePublished\":\"2022-03-07T10:35:08+00:00\",\"dateModified\":\"2022-06-07T16:34:12+00:00\",\"breadcrumb\":{\"@id\":\"https:\/\/blog.ovalmedicalcentre.co.uk\/es\/efectos-a-largo-plazo-del-covid-dra-natalia-perez\/#breadcrumb\"},\"inLanguage\":\"es\",\"potentialAction\":[{\"@type\":\"ReadAction\",\"target\":[\"https:\/\/blog.ovalmedicalcentre.co.uk\/es\/efectos-a-largo-plazo-del-covid-dra-natalia-perez\/\"]}]},{\"@type\":\"ImageObject\",\"inLanguage\":\"es\",\"@id\":\"https:\/\/blog.ovalmedicalcentre.co.uk\/es\/efectos-a-largo-plazo-del-covid-dra-natalia-perez\/#primaryimage\",\"url\":\"https:\/\/blog.ovalmedicalcentre.co.uk\/wp-content\/uploads\/2022\/03\/Covid.jpg\",\"contentUrl\":\"https:\/\/blog.ovalmedicalcentre.co.uk\/wp-content\/uploads\/2022\/03\/Covid.jpg\",\"width\":800,\"height\":450,\"caption\":\"Dra. Natalia Perez\"},{\"@type\":\"BreadcrumbList\",\"@id\":\"https:\/\/blog.ovalmedicalcentre.co.uk\/es\/efectos-a-largo-plazo-del-covid-dra-natalia-perez\/#breadcrumb\",\"itemListElement\":[{\"@type\":\"ListItem\",\"position\":1,\"name\":\"Home\",\"item\":\"https:\/\/blog.ovalmedicalcentre.co.uk\/es\/\"},{\"@type\":\"ListItem\",\"position\":2,\"name\":\"Efectos a largo plazo del covid\u00a0&#8211; Dra. Natalia Perez\"}]},{\"@type\":\"WebSite\",\"@id\":\"https:\/\/blog.ovalmedicalcentre.co.uk\/#website\",\"url\":\"https:\/\/blog.ovalmedicalcentre.co.uk\/\",\"name\":\"Oval Medical Centre Blog\",\"description\":\"\",\"publisher\":{\"@id\":\"https:\/\/blog.ovalmedicalcentre.co.uk\/#organization\"},\"potentialAction\":[{\"@type\":\"SearchAction\",\"target\":{\"@type\":\"EntryPoint\",\"urlTemplate\":\"https:\/\/blog.ovalmedicalcentre.co.uk\/?s={search_term_string}\"},\"query-input\":\"required name=search_term_string\"}],\"inLanguage\":\"es\"},{\"@type\":\"Organization\",\"@id\":\"https:\/\/blog.ovalmedicalcentre.co.uk\/#organization\",\"name\":\"Oval Medical Centre\",\"url\":\"https:\/\/blog.ovalmedicalcentre.co.uk\/\",\"logo\":{\"@type\":\"ImageObject\",\"inLanguage\":\"es\",\"@id\":\"https:\/\/blog.ovalmedicalcentre.co.uk\/#\/schema\/logo\/image\/\",\"url\":\"https:\/\/blog.ovalmedicalcentre.co.uk\/wp-content\/uploads\/2021\/05\/Oval-Medical-Centre-Blog2.png\",\"contentUrl\":\"https:\/\/blog.ovalmedicalcentre.co.uk\/wp-content\/uploads\/2021\/05\/Oval-Medical-Centre-Blog2.png\",\"width\":425,\"height\":71,\"caption\":\"Oval Medical Centre\"},\"image\":{\"@id\":\"https:\/\/blog.ovalmedicalcentre.co.uk\/#\/schema\/logo\/image\/\"}}]}<\/script>\n<!-- \/ Yoast SEO plugin. -->","yoast_head_json":{"title":"Efectos a largo plazo del covid\u00a0- Dra. Natalia Perez - Oval Medical Centre Blog","robots":{"index":"index","follow":"follow","max-snippet":"max-snippet:-1","max-image-preview":"max-image-preview:large","max-video-preview":"max-video-preview:-1"},"canonical":"https:\/\/blog.ovalmedicalcentre.co.uk\/es\/efectos-a-largo-plazo-del-covid-dra-natalia-perez\/","og_locale":"es_ES","og_type":"article","og_title":"Efectos a largo plazo del covid\u00a0- Dra. Natalia Perez - Oval Medical Centre Blog","og_description":"Efectos a largo plazo del covid &#8211; Dra. Natalia Perez Para algunas personas, el coronavirus (COVID-19) puede causar s\u00edntomas que duran semanas o...","og_url":"https:\/\/blog.ovalmedicalcentre.co.uk\/es\/efectos-a-largo-plazo-del-covid-dra-natalia-perez\/","og_site_name":"Oval Medical Centre Blog","article_modified_time":"2022-06-07T16:34:12+00:00","og_image":[{"width":800,"height":450,"url":"https:\/\/blog.ovalmedicalcentre.co.uk\/wp-content\/uploads\/2022\/03\/Covid.jpg","type":"image\/jpeg"}],"twitter_card":"summary_large_image","twitter_misc":{"Tiempo de lectura":"1 minuto"},"schema":{"@context":"https:\/\/schema.org","@graph":[{"@type":"WebPage","@id":"https:\/\/blog.ovalmedicalcentre.co.uk\/es\/efectos-a-largo-plazo-del-covid-dra-natalia-perez\/","url":"https:\/\/blog.ovalmedicalcentre.co.uk\/es\/efectos-a-largo-plazo-del-covid-dra-natalia-perez\/","name":"Efectos a largo plazo del covid\u00a0- Dra. Natalia Perez - Oval Medical Centre Blog","isPartOf":{"@id":"https:\/\/blog.ovalmedicalcentre.co.uk\/#website"},"primaryImageOfPage":{"@id":"https:\/\/blog.ovalmedicalcentre.co.uk\/es\/efectos-a-largo-plazo-del-covid-dra-natalia-perez\/#primaryimage"},"image":{"@id":"https:\/\/blog.ovalmedicalcentre.co.uk\/es\/efectos-a-largo-plazo-del-covid-dra-natalia-perez\/#primaryimage"},"thumbnailUrl":"https:\/\/blog.ovalmedicalcentre.co.uk\/wp-content\/uploads\/2022\/03\/Covid.jpg","datePublished":"2022-03-07T10:35:08+00:00","dateModified":"2022-06-07T16:34:12+00:00","breadcrumb":{"@id":"https:\/\/blog.ovalmedicalcentre.co.uk\/es\/efectos-a-largo-plazo-del-covid-dra-natalia-perez\/#breadcrumb"},"inLanguage":"es","potentialAction":[{"@type":"ReadAction","target":["https:\/\/blog.ovalmedicalcentre.co.uk\/es\/efectos-a-largo-plazo-del-covid-dra-natalia-perez\/"]}]},{"@type":"ImageObject","inLanguage":"es","@id":"https:\/\/blog.ovalmedicalcentre.co.uk\/es\/efectos-a-largo-plazo-del-covid-dra-natalia-perez\/#primaryimage","url":"https:\/\/blog.ovalmedicalcentre.co.uk\/wp-content\/uploads\/2022\/03\/Covid.jpg","contentUrl":"https:\/\/blog.ovalmedicalcentre.co.uk\/wp-content\/uploads\/2022\/03\/Covid.jpg","width":800,"height":450,"caption":"Dra. Natalia Perez"},{"@type":"BreadcrumbList","@id":"https:\/\/blog.ovalmedicalcentre.co.uk\/es\/efectos-a-largo-plazo-del-covid-dra-natalia-perez\/#breadcrumb","itemListElement":[{"@type":"ListItem","position":1,"name":"Home","item":"https:\/\/blog.ovalmedicalcentre.co.uk\/es\/"},{"@type":"ListItem","position":2,"name":"Efectos a largo plazo del covid\u00a0&#8211; Dra. Natalia Perez"}]},{"@type":"WebSite","@id":"https:\/\/blog.ovalmedicalcentre.co.uk\/#website","url":"https:\/\/blog.ovalmedicalcentre.co.uk\/","name":"Oval Medical Centre Blog","description":"","publisher":{"@id":"https:\/\/blog.ovalmedicalcentre.co.uk\/#organization"},"potentialAction":[{"@type":"SearchAction","target":{"@type":"EntryPoint","urlTemplate":"https:\/\/blog.ovalmedicalcentre.co.uk\/?s={search_term_string}"},"query-input":"required name=search_term_string"}],"inLanguage":"es"},{"@type":"Organization","@id":"https:\/\/blog.ovalmedicalcentre.co.uk\/#organization","name":"Oval Medical Centre","url":"https:\/\/blog.ovalmedicalcentre.co.uk\/","logo":{"@type":"ImageObject","inLanguage":"es","@id":"https:\/\/blog.ovalmedicalcentre.co.uk\/#\/schema\/logo\/image\/","url":"https:\/\/blog.ovalmedicalcentre.co.uk\/wp-content\/uploads\/2021\/05\/Oval-Medical-Centre-Blog2.png","contentUrl":"https:\/\/blog.ovalmedicalcentre.co.uk\/wp-content\/uploads\/2021\/05\/Oval-Medical-Centre-Blog2.png","width":425,"height":71,"caption":"Oval Medical Centre"},"image":{"@id":"https:\/\/blog.ovalmedicalcentre.co.uk\/#\/schema\/logo\/image\/"}}]}},"amp_enabled":true,"_links":{"self":[{"href":"https:\/\/blog.ovalmedicalcentre.co.uk\/es\/wp-json\/wp\/v2\/pages\/16484","targetHints":{"allow":["GET"]}}],"collection":[{"href":"https:\/\/blog.ovalmedicalcentre.co.uk\/es\/wp-json\/wp\/v2\/pages"}],"about":[{"href":"https:\/\/blog.ovalmedicalcentre.co.uk\/es\/wp-json\/wp\/v2\/types\/page"}],"author":[{"embeddable":true,"href":"https:\/\/blog.ovalmedicalcentre.co.uk\/es\/wp-json\/wp\/v2\/users\/1"}],"replies":[{"embeddable":true,"href":"https:\/\/blog.ovalmedicalcentre.co.uk\/es\/wp-json\/wp\/v2\/comments?post=16484"}],"version-history":[{"count":5,"href":"https:\/\/blog.ovalmedicalcentre.co.uk\/es\/wp-json\/wp\/v2\/pages\/16484\/revisions"}],"predecessor-version":[{"id":17094,"href":"https:\/\/blog.ovalmedicalcentre.co.uk\/es\/wp-json\/wp\/v2\/pages\/16484\/revisions\/17094"}],"wp:featuredmedia":[{"embeddable":true,"href":"https:\/\/blog.ovalmedicalcentre.co.uk\/es\/wp-json\/wp\/v2\/media\/16479"}],"wp:attachment":[{"href":"https:\/\/blog.ovalmedicalcentre.co.uk\/es\/wp-json\/wp\/v2\/media?parent=16484"}],"curies":[{"name":"wp","href":"https:\/\/api.w.org\/{rel}","templated":true}]}}