{"id":17316,"date":"2022-07-06T12:26:21","date_gmt":"2022-07-06T11:26:21","guid":{"rendered":"https:\/\/blog.ovalmedicalcentre.co.uk\/?page_id=17316"},"modified":"2022-07-06T12:28:14","modified_gmt":"2022-07-06T11:28:14","slug":"menopausia-precoz-dra-natalia-perez","status":"publish","type":"page","link":"https:\/\/blog.ovalmedicalcentre.co.uk\/es\/menopausia-precoz-dra-natalia-perez\/","title":{"rendered":"Menopausia precoz &#8211; Dra. Natalia Perez"},"content":{"rendered":"\t\t<div data-elementor-type=\"wp-page\" data-elementor-id=\"17316\" class=\"elementor elementor-17316\">\n\t\t\t\t\t\t<section class=\"elementor-section elementor-top-section elementor-element elementor-element-f292066 elementor-section-boxed elementor-section-height-default elementor-section-height-default\" data-id=\"f292066\" data-element_type=\"section\">\n\t\t\t\t\t\t<div class=\"elementor-container elementor-column-gap-default\">\n\t\t\t\t\t<div class=\"elementor-column elementor-col-100 elementor-top-column elementor-element elementor-element-c6aa23d\" data-id=\"c6aa23d\" data-element_type=\"column\">\n\t\t\t<div class=\"elementor-widget-wrap elementor-element-populated\">\n\t\t\t\t\t\t<div class=\"elementor-element elementor-element-c62d71e elementor-widget elementor-widget-video\" data-id=\"c62d71e\" data-element_type=\"widget\" data-settings=\"{&quot;youtube_url&quot;:&quot;https:\\\/\\\/youtu.be\\\/BCWzl1K86VI&quot;,&quot;play_on_mobile&quot;:&quot;yes&quot;,&quot;modestbranding&quot;:&quot;yes&quot;,&quot;show_image_overlay&quot;:&quot;yes&quot;,&quot;image_overlay&quot;:{&quot;url&quot;:&quot;https:\\\/\\\/blog.ovalmedicalcentre.co.uk\\\/wp-content\\\/uploads\\\/2022\\\/07\\\/Menopausia-Precoz-Play-H.jpg&quot;,&quot;id&quot;:17318,&quot;size&quot;:&quot;&quot;,&quot;alt&quot;:&quot;&quot;,&quot;source&quot;:&quot;library&quot;},&quot;video_type&quot;:&quot;youtube&quot;,&quot;controls&quot;:&quot;yes&quot;}\" data-widget_type=\"video.default\">\n\t\t\t\t<div class=\"elementor-widget-container\">\n\t\t\t\t\t<div class=\"elementor-wrapper elementor-open-inline\">\n\t\t\t<div class=\"elementor-video\"><\/div>\t\t\t\t<div class=\"elementor-custom-embed-image-overlay\" style=\"background-image: url(https:\/\/blog.ovalmedicalcentre.co.uk\/wp-content\/uploads\/2022\/07\/Menopausia-Precoz-Play-H.jpg);\">\n\t\t\t\t\t\t\t\t\t\t\t\t\t\t<\/div>\n\t\t\t\t\t<\/div>\n\t\t\t\t<\/div>\n\t\t\t\t<\/div>\n\t\t\t\t<div class=\"elementor-element elementor-element-28fe225 elementor-widget elementor-widget-heading\" data-id=\"28fe225\" data-element_type=\"widget\" data-widget_type=\"heading.default\">\n\t\t\t\t<div class=\"elementor-widget-container\">\n\t\t\t<h2 class=\"elementor-heading-title elementor-size-default\">Menopausia precoz - Dra. Natalia Perez<\/h2>\t\t<\/div>\n\t\t\t\t<\/div>\n\t\t\t\t<div class=\"elementor-element elementor-element-7a8eeb2 elementor-widget elementor-widget-text-editor\" data-id=\"7a8eeb2\" data-element_type=\"widget\" data-widget_type=\"text-editor.default\">\n\t\t\t\t<div class=\"elementor-widget-container\">\n\t\t\t\t\t\t\t<p><span style=\"font-size: 18px;\">La menopausia precoz ocurre cuando los per\u00edodos de una mujer cesan antes de los 45 a\u00f1os. Puede ocurrir de forma natural o como efecto secundario de algunos tratamientos.<\/span><\/p><p><span style=\"font-size: 18px;\">Si tiene menos de 45 a\u00f1os y ha notado que sus per\u00edodos se vuelven menos frecuentes o se detienen por completo, debe hablar con un m\u00e9dico. En Oval Medical Centre, ofrecemos todo el apoyo que necesita.<br \/>Aprende m\u00e1s viendo Dra. Natalia Perez explicando explicando sobre la menopausia precoz.<\/span><\/p>\t\t\t\t\t\t<\/div>\n\t\t\t\t<\/div>\n\t\t\t\t<div class=\"elementor-element elementor-element-ee5f157 elementor-widget elementor-widget-helpful-widget\" data-id=\"ee5f157\" data-element_type=\"widget\" data-widget_type=\"helpful-widget.default\">\n\t\t\t\t<div class=\"elementor-widget-container\">\n\t\t\t<style>.helpful {}<\/style>\n<div class=\"helpful \">\n\n\t\t<div class=\"helpful-header\">\n\t\t<h3 class=\"helpful-headline\">Was this article helpful?<\/h3>\t<\/div><!-- .helpful-header -->\n\t\n\t<div class=\"helpful-content\" role=\"alert\">\n\t\t<span>Let us know if you liked the post. That\u2019s the only way we can improve.<\/span>\n\t<\/div><!-- .helpful-content -->\n\n\t\t<div class=\"helpful-controls\">\n\n\t\t\t\t<div>\n\t\t\t<button class=\"helpful-pro helpful-button\" type=\"button\" data-value=\"pro\" data-post=\"17316\" data-instance=\"552\" role=\"button\">\n\t\t\t\tYes\t\t\t\t<span class=\"helpful-counter\">0<\/span>\t\t\t<\/button>\n\t\t<\/div>\n\t\t\n\t\t\t\t<div>\n\t\t\t<button class=\"helpful-contra helpful-button\" type=\"button\" data-value=\"contra\" data-post=\"17316\" data-instance=\"552\" role=\"button\">\n\t\t\t\tNo\t\t\t\t<span class=\"helpful-counter\">0<\/span>\t\t\t<\/button>\n\t\t<\/div>\n\t\t\n\t<\/div><!-- .helpful-controls -->\n\t\n\t\n<\/div><!-- .helpful -->\n\t\t<\/div>\n\t\t\t\t<\/div>\n\t\t\t\t\t<\/div>\n\t\t<\/div>\n\t\t\t\t\t<\/div>\n\t\t<\/section>\n\t\t\t\t<\/div>\n\t\t","protected":false},"excerpt":{"rendered":"<p>Menopausia precoz &#8211; Dra. Natalia Perez La menopausia precoz ocurre cuando los per\u00edodos de una mujer cesan antes de los 45 a\u00f1os. Puede&#8230;<\/p>\n","protected":false},"author":1,"featured_media":0,"parent":0,"menu_order":0,"comment_status":"closed","ping_status":"closed","template":"","meta":{"footnotes":""},"class_list":["post-17316","page","type-page","status-publish","hentry"],"yoast_head":"<!-- This site is optimized with the Yoast SEO plugin v22.8 - https:\/\/yoast.com\/wordpress\/plugins\/seo\/ -->\n<title>Menopausia precoz - Dra. Natalia Perez - Oval Medical Centre Blog<\/title>\n<meta name=\"robots\" content=\"index, follow, max-snippet:-1, max-image-preview:large, max-video-preview:-1\" \/>\n<link rel=\"canonical\" href=\"https:\/\/blog.ovalmedicalcentre.co.uk\/es\/menopausia-precoz-dra-natalia-perez\/\" \/>\n<meta property=\"og:locale\" content=\"es_ES\" \/>\n<meta property=\"og:type\" content=\"article\" \/>\n<meta property=\"og:title\" content=\"Menopausia precoz - Dra. Natalia Perez - Oval Medical Centre Blog\" \/>\n<meta property=\"og:description\" content=\"Menopausia precoz &#8211; Dra. Natalia Perez La menopausia precoz ocurre cuando los per\u00edodos de una mujer cesan antes de los 45 a\u00f1os. Puede...\" \/>\n<meta property=\"og:url\" content=\"https:\/\/blog.ovalmedicalcentre.co.uk\/es\/menopausia-precoz-dra-natalia-perez\/\" \/>\n<meta property=\"og:site_name\" content=\"Oval Medical Centre Blog\" \/>\n<meta property=\"article:modified_time\" content=\"2022-07-06T11:28:14+00:00\" \/>\n<meta name=\"twitter:card\" content=\"summary_large_image\" \/>\n<meta name=\"twitter:label1\" content=\"Tiempo de lectura\" \/>\n\t<meta name=\"twitter:data1\" content=\"1 minuto\" \/>\n<script type=\"application\/ld+json\" class=\"yoast-schema-graph\">{\"@context\":\"https:\/\/schema.org\",\"@graph\":[{\"@type\":\"WebPage\",\"@id\":\"https:\/\/blog.ovalmedicalcentre.co.uk\/es\/menopausia-precoz-dra-natalia-perez\/\",\"url\":\"https:\/\/blog.ovalmedicalcentre.co.uk\/es\/menopausia-precoz-dra-natalia-perez\/\",\"name\":\"Menopausia precoz - Dra. Natalia Perez - Oval Medical Centre Blog\",\"isPartOf\":{\"@id\":\"https:\/\/blog.ovalmedicalcentre.co.uk\/#website\"},\"datePublished\":\"2022-07-06T11:26:21+00:00\",\"dateModified\":\"2022-07-06T11:28:14+00:00\",\"breadcrumb\":{\"@id\":\"https:\/\/blog.ovalmedicalcentre.co.uk\/es\/menopausia-precoz-dra-natalia-perez\/#breadcrumb\"},\"inLanguage\":\"es\",\"potentialAction\":[{\"@type\":\"ReadAction\",\"target\":[\"https:\/\/blog.ovalmedicalcentre.co.uk\/es\/menopausia-precoz-dra-natalia-perez\/\"]}]},{\"@type\":\"BreadcrumbList\",\"@id\":\"https:\/\/blog.ovalmedicalcentre.co.uk\/es\/menopausia-precoz-dra-natalia-perez\/#breadcrumb\",\"itemListElement\":[{\"@type\":\"ListItem\",\"position\":1,\"name\":\"Home\",\"item\":\"https:\/\/blog.ovalmedicalcentre.co.uk\/es\/\"},{\"@type\":\"ListItem\",\"position\":2,\"name\":\"Menopausia precoz &#8211; Dra. Natalia Perez\"}]},{\"@type\":\"WebSite\",\"@id\":\"https:\/\/blog.ovalmedicalcentre.co.uk\/#website\",\"url\":\"https:\/\/blog.ovalmedicalcentre.co.uk\/\",\"name\":\"Oval Medical Centre Blog\",\"description\":\"\",\"publisher\":{\"@id\":\"https:\/\/blog.ovalmedicalcentre.co.uk\/#organization\"},\"potentialAction\":[{\"@type\":\"SearchAction\",\"target\":{\"@type\":\"EntryPoint\",\"urlTemplate\":\"https:\/\/blog.ovalmedicalcentre.co.uk\/?s={search_term_string}\"},\"query-input\":\"required name=search_term_string\"}],\"inLanguage\":\"es\"},{\"@type\":\"Organization\",\"@id\":\"https:\/\/blog.ovalmedicalcentre.co.uk\/#organization\",\"name\":\"Oval Medical Centre\",\"url\":\"https:\/\/blog.ovalmedicalcentre.co.uk\/\",\"logo\":{\"@type\":\"ImageObject\",\"inLanguage\":\"es\",\"@id\":\"https:\/\/blog.ovalmedicalcentre.co.uk\/#\/schema\/logo\/image\/\",\"url\":\"https:\/\/blog.ovalmedicalcentre.co.uk\/wp-content\/uploads\/2021\/05\/Oval-Medical-Centre-Blog2.png\",\"contentUrl\":\"https:\/\/blog.ovalmedicalcentre.co.uk\/wp-content\/uploads\/2021\/05\/Oval-Medical-Centre-Blog2.png\",\"width\":425,\"height\":71,\"caption\":\"Oval Medical Centre\"},\"image\":{\"@id\":\"https:\/\/blog.ovalmedicalcentre.co.uk\/#\/schema\/logo\/image\/\"}}]}<\/script>\n<!-- \/ Yoast SEO plugin. -->","yoast_head_json":{"title":"Menopausia precoz - Dra. Natalia Perez - Oval Medical Centre Blog","robots":{"index":"index","follow":"follow","max-snippet":"max-snippet:-1","max-image-preview":"max-image-preview:large","max-video-preview":"max-video-preview:-1"},"canonical":"https:\/\/blog.ovalmedicalcentre.co.uk\/es\/menopausia-precoz-dra-natalia-perez\/","og_locale":"es_ES","og_type":"article","og_title":"Menopausia precoz - Dra. Natalia Perez - Oval Medical Centre Blog","og_description":"Menopausia precoz &#8211; Dra. Natalia Perez La menopausia precoz ocurre cuando los per\u00edodos de una mujer cesan antes de los 45 a\u00f1os. Puede...","og_url":"https:\/\/blog.ovalmedicalcentre.co.uk\/es\/menopausia-precoz-dra-natalia-perez\/","og_site_name":"Oval Medical Centre Blog","article_modified_time":"2022-07-06T11:28:14+00:00","twitter_card":"summary_large_image","twitter_misc":{"Tiempo de lectura":"1 minuto"},"schema":{"@context":"https:\/\/schema.org","@graph":[{"@type":"WebPage","@id":"https:\/\/blog.ovalmedicalcentre.co.uk\/es\/menopausia-precoz-dra-natalia-perez\/","url":"https:\/\/blog.ovalmedicalcentre.co.uk\/es\/menopausia-precoz-dra-natalia-perez\/","name":"Menopausia precoz - Dra. Natalia Perez - Oval Medical Centre Blog","isPartOf":{"@id":"https:\/\/blog.ovalmedicalcentre.co.uk\/#website"},"datePublished":"2022-07-06T11:26:21+00:00","dateModified":"2022-07-06T11:28:14+00:00","breadcrumb":{"@id":"https:\/\/blog.ovalmedicalcentre.co.uk\/es\/menopausia-precoz-dra-natalia-perez\/#breadcrumb"},"inLanguage":"es","potentialAction":[{"@type":"ReadAction","target":["https:\/\/blog.ovalmedicalcentre.co.uk\/es\/menopausia-precoz-dra-natalia-perez\/"]}]},{"@type":"BreadcrumbList","@id":"https:\/\/blog.ovalmedicalcentre.co.uk\/es\/menopausia-precoz-dra-natalia-perez\/#breadcrumb","itemListElement":[{"@type":"ListItem","position":1,"name":"Home","item":"https:\/\/blog.ovalmedicalcentre.co.uk\/es\/"},{"@type":"ListItem","position":2,"name":"Menopausia precoz &#8211; Dra. Natalia Perez"}]},{"@type":"WebSite","@id":"https:\/\/blog.ovalmedicalcentre.co.uk\/#website","url":"https:\/\/blog.ovalmedicalcentre.co.uk\/","name":"Oval Medical Centre Blog","description":"","publisher":{"@id":"https:\/\/blog.ovalmedicalcentre.co.uk\/#organization"},"potentialAction":[{"@type":"SearchAction","target":{"@type":"EntryPoint","urlTemplate":"https:\/\/blog.ovalmedicalcentre.co.uk\/?s={search_term_string}"},"query-input":"required name=search_term_string"}],"inLanguage":"es"},{"@type":"Organization","@id":"https:\/\/blog.ovalmedicalcentre.co.uk\/#organization","name":"Oval Medical Centre","url":"https:\/\/blog.ovalmedicalcentre.co.uk\/","logo":{"@type":"ImageObject","inLanguage":"es","@id":"https:\/\/blog.ovalmedicalcentre.co.uk\/#\/schema\/logo\/image\/","url":"https:\/\/blog.ovalmedicalcentre.co.uk\/wp-content\/uploads\/2021\/05\/Oval-Medical-Centre-Blog2.png","contentUrl":"https:\/\/blog.ovalmedicalcentre.co.uk\/wp-content\/uploads\/2021\/05\/Oval-Medical-Centre-Blog2.png","width":425,"height":71,"caption":"Oval Medical Centre"},"image":{"@id":"https:\/\/blog.ovalmedicalcentre.co.uk\/#\/schema\/logo\/image\/"}}]}},"amp_enabled":true,"_links":{"self":[{"href":"https:\/\/blog.ovalmedicalcentre.co.uk\/es\/wp-json\/wp\/v2\/pages\/17316","targetHints":{"allow":["GET"]}}],"collection":[{"href":"https:\/\/blog.ovalmedicalcentre.co.uk\/es\/wp-json\/wp\/v2\/pages"}],"about":[{"href":"https:\/\/blog.ovalmedicalcentre.co.uk\/es\/wp-json\/wp\/v2\/types\/page"}],"author":[{"embeddable":true,"href":"https:\/\/blog.ovalmedicalcentre.co.uk\/es\/wp-json\/wp\/v2\/users\/1"}],"replies":[{"embeddable":true,"href":"https:\/\/blog.ovalmedicalcentre.co.uk\/es\/wp-json\/wp\/v2\/comments?post=17316"}],"version-history":[{"count":4,"href":"https:\/\/blog.ovalmedicalcentre.co.uk\/es\/wp-json\/wp\/v2\/pages\/17316\/revisions"}],"predecessor-version":[{"id":17323,"href":"https:\/\/blog.ovalmedicalcentre.co.uk\/es\/wp-json\/wp\/v2\/pages\/17316\/revisions\/17323"}],"wp:attachment":[{"href":"https:\/\/blog.ovalmedicalcentre.co.uk\/es\/wp-json\/wp\/v2\/media?parent=17316"}],"curies":[{"name":"wp","href":"https:\/\/api.w.org\/{rel}","templated":true}]}}