{"id":17042,"date":"2022-06-07T11:11:03","date_gmt":"2022-06-07T10:11:03","guid":{"rendered":"https:\/\/blog.ovalmedicalcentre.co.uk\/?page_id=17042"},"modified":"2022-06-07T17:12:47","modified_gmt":"2022-06-07T16:12:47","slug":"atendimento-psicologico-em-londres-lisete-pinzon","status":"publish","type":"page","link":"https:\/\/blog.ovalmedicalcentre.co.uk\/pt-br\/atendimento-psicologico-em-londres-lisete-pinzon\/","title":{"rendered":"Atendimento psicol\u00f3gico em Londres &#8211; Lisete Pinzon"},"content":{"rendered":"\t\t<div data-elementor-type=\"wp-page\" data-elementor-id=\"17042\" class=\"elementor elementor-17042\">\n\t\t\t\t\t\t<section class=\"elementor-section elementor-top-section elementor-element elementor-element-91e4b74 elementor-section-boxed elementor-section-height-default elementor-section-height-default\" data-id=\"91e4b74\" data-element_type=\"section\">\n\t\t\t\t\t\t<div class=\"elementor-container elementor-column-gap-default\">\n\t\t\t\t\t<div class=\"elementor-column elementor-col-100 elementor-top-column elementor-element elementor-element-1b0690d\" data-id=\"1b0690d\" data-element_type=\"column\">\n\t\t\t<div class=\"elementor-widget-wrap elementor-element-populated\">\n\t\t\t\t\t\t<div class=\"elementor-element elementor-element-e1a338d elementor-widget elementor-widget-video\" data-id=\"e1a338d\" data-element_type=\"widget\" data-settings=\"{&quot;youtube_url&quot;:&quot;https:\\\/\\\/youtu.be\\\/QfBdHkBrdxQ&quot;,&quot;play_on_mobile&quot;:&quot;yes&quot;,&quot;modestbranding&quot;:&quot;yes&quot;,&quot;show_image_overlay&quot;:&quot;yes&quot;,&quot;image_overlay&quot;:{&quot;url&quot;:&quot;https:\\\/\\\/blog.ovalmedicalcentre.co.uk\\\/wp-content\\\/uploads\\\/2022\\\/06\\\/Lisete-Psico-Play-Thumb.jpg&quot;,&quot;id&quot;:17044,&quot;size&quot;:&quot;&quot;,&quot;alt&quot;:&quot;&quot;,&quot;source&quot;:&quot;library&quot;},&quot;video_type&quot;:&quot;youtube&quot;,&quot;controls&quot;:&quot;yes&quot;}\" data-widget_type=\"video.default\">\n\t\t\t\t<div class=\"elementor-widget-container\">\n\t\t\t\t\t<div class=\"elementor-wrapper elementor-open-inline\">\n\t\t\t<div class=\"elementor-video\"><\/div>\t\t\t\t<div class=\"elementor-custom-embed-image-overlay\" style=\"background-image: url(https:\/\/blog.ovalmedicalcentre.co.uk\/wp-content\/uploads\/2022\/06\/Lisete-Psico-Play-Thumb.jpg);\">\n\t\t\t\t\t\t\t\t\t\t\t\t\t\t<\/div>\n\t\t\t\t\t<\/div>\n\t\t\t\t<\/div>\n\t\t\t\t<\/div>\n\t\t\t\t<div class=\"elementor-element elementor-element-a62a02b elementor-widget elementor-widget-heading\" data-id=\"a62a02b\" data-element_type=\"widget\" data-widget_type=\"heading.default\">\n\t\t\t\t<div class=\"elementor-widget-container\">\n\t\t\t<h2 class=\"elementor-heading-title elementor-size-default\">Atendimento psicol\u00f3gico em Londres  - Lisete Pinzon<\/h2>\t\t<\/div>\n\t\t\t\t<\/div>\n\t\t\t\t<div class=\"elementor-element elementor-element-0950349 elementor-widget elementor-widget-text-editor\" data-id=\"0950349\" data-element_type=\"widget\" data-widget_type=\"text-editor.default\">\n\t\t\t\t<div class=\"elementor-widget-container\">\n\t\t\t\t\t\t\t<p><span style=\"font-size: 18px;\"><br \/>Na Oval Medical Centre sabemos que cuidar da mente \u00e9 t\u00e3o importante quanto cuidar do f\u00edsico.<br \/>Nossa equipe de m\u00e9dicos cl\u00ednicos e psic\u00f3logos trabalham de maneira integrada para oferecer um atendimento eficiente e humanizado aos pacientes.<\/span><\/p><p><span style=\"font-size: 18px;\">Nossa psic\u00f3loga, Lisete Pinzon \u00e9 membro da British Psychological Society e um expoente da abordagem da Terapia Cognitivo-Comportamental para melhorar a sa\u00fade mental. Lisete abrange seu atendimento tamb\u00e9m para v\u00edtimas de bullying, problemas de relacionamento, baixa autoestima, depress\u00e3o, ansiedade e uso indevido de subst\u00e2ncias, por exemplo.<\/span><\/p><p><span style=\"font-size: 18px;\">Se pretende marcar sess\u00f5es privadas com um psic\u00f3logo especialista em Londres, n\u00e3o hesite em contactar a nossa equipa discreta e confidencial.<br \/><\/span><\/p>\t\t\t\t\t\t<\/div>\n\t\t\t\t<\/div>\n\t\t\t\t<div class=\"elementor-element elementor-element-37ad3b3 elementor-widget elementor-widget-helpful-widget\" data-id=\"37ad3b3\" data-element_type=\"widget\" data-widget_type=\"helpful-widget.default\">\n\t\t\t\t<div class=\"elementor-widget-container\">\n\t\t\t<style>.helpful {}<\/style>\n<div class=\"helpful \">\n\n\t\t<div class=\"helpful-header\">\n\t\t<h3 class=\"helpful-headline\">Was this article helpful?<\/h3>\t<\/div><!-- .helpful-header -->\n\t\n\t<div class=\"helpful-content\" role=\"alert\">\n\t\t<span>Let us know if you liked the post. That\u2019s the only way we can improve.<\/span>\n\t<\/div><!-- .helpful-content -->\n\n\t\t<div class=\"helpful-controls\">\n\n\t\t\t\t<div>\n\t\t\t<button class=\"helpful-pro helpful-button\" type=\"button\" data-value=\"pro\" data-post=\"17042\" data-instance=\"231\" role=\"button\">\n\t\t\t\tYes\t\t\t\t<span class=\"helpful-counter\">2<\/span>\t\t\t<\/button>\n\t\t<\/div>\n\t\t\n\t\t\t\t<div>\n\t\t\t<button class=\"helpful-contra helpful-button\" type=\"button\" data-value=\"contra\" data-post=\"17042\" data-instance=\"231\" role=\"button\">\n\t\t\t\tNo\t\t\t\t<span class=\"helpful-counter\">0<\/span>\t\t\t<\/button>\n\t\t<\/div>\n\t\t\n\t<\/div><!-- .helpful-controls -->\n\t\n\t\n<\/div><!-- .helpful -->\n\t\t<\/div>\n\t\t\t\t<\/div>\n\t\t\t\t\t<\/div>\n\t\t<\/div>\n\t\t\t\t\t<\/div>\n\t\t<\/section>\n\t\t\t\t<\/div>\n\t\t","protected":false},"excerpt":{"rendered":"<p>Atendimento psicol\u00f3gico em Londres &#8211; Lisete Pinzon Na Oval Medical Centre sabemos que cuidar da mente \u00e9 t\u00e3o importante quanto cuidar do f\u00edsico&#8230;.<\/p>\n","protected":false},"author":1,"featured_media":17044,"parent":0,"menu_order":0,"comment_status":"closed","ping_status":"closed","template":"","meta":{"footnotes":""},"class_list":["post-17042","page","type-page","status-publish","has-post-thumbnail","hentry"],"yoast_head":"<!-- This site is optimized with the Yoast SEO plugin v22.8 - https:\/\/yoast.com\/wordpress\/plugins\/seo\/ -->\n<title>Atendimento psicol\u00f3gico em Londres - Lisete Pinzon - Oval Medical Centre Blog<\/title>\n<meta name=\"robots\" content=\"index, follow, max-snippet:-1, max-image-preview:large, max-video-preview:-1\" \/>\n<link rel=\"canonical\" href=\"https:\/\/blog.ovalmedicalcentre.co.uk\/pt-br\/atendimento-psicologico-em-londres-lisete-pinzon\/\" \/>\n<meta property=\"og:locale\" content=\"pt_BR\" \/>\n<meta property=\"og:type\" content=\"article\" \/>\n<meta property=\"og:title\" content=\"Atendimento psicol\u00f3gico em Londres - Lisete Pinzon - Oval Medical Centre Blog\" \/>\n<meta property=\"og:description\" content=\"Atendimento psicol\u00f3gico em Londres &#8211; Lisete Pinzon Na Oval Medical Centre sabemos que cuidar da mente \u00e9 t\u00e3o importante quanto cuidar do f\u00edsico....\" \/>\n<meta property=\"og:url\" content=\"https:\/\/blog.ovalmedicalcentre.co.uk\/pt-br\/atendimento-psicologico-em-londres-lisete-pinzon\/\" \/>\n<meta property=\"og:site_name\" content=\"Oval Medical Centre Blog\" \/>\n<meta property=\"article:modified_time\" content=\"2022-06-07T16:12:47+00:00\" \/>\n<meta property=\"og:image\" content=\"https:\/\/blog.ovalmedicalcentre.co.uk\/wp-content\/uploads\/2022\/06\/Lisete-Psico-Play-Thumb.jpg\" \/>\n\t<meta property=\"og:image:width\" content=\"800\" \/>\n\t<meta property=\"og:image:height\" content=\"450\" \/>\n\t<meta property=\"og:image:type\" content=\"image\/jpeg\" \/>\n<meta name=\"twitter:card\" content=\"summary_large_image\" \/>\n<meta name=\"twitter:label1\" content=\"Est. tempo de leitura\" \/>\n\t<meta name=\"twitter:data1\" content=\"1 minuto\" \/>\n<script type=\"application\/ld+json\" class=\"yoast-schema-graph\">{\"@context\":\"https:\/\/schema.org\",\"@graph\":[{\"@type\":\"WebPage\",\"@id\":\"https:\/\/blog.ovalmedicalcentre.co.uk\/pt-br\/atendimento-psicologico-em-londres-lisete-pinzon\/\",\"url\":\"https:\/\/blog.ovalmedicalcentre.co.uk\/pt-br\/atendimento-psicologico-em-londres-lisete-pinzon\/\",\"name\":\"Atendimento psicol\u00f3gico em Londres - Lisete Pinzon - Oval Medical Centre Blog\",\"isPartOf\":{\"@id\":\"https:\/\/blog.ovalmedicalcentre.co.uk\/#website\"},\"primaryImageOfPage\":{\"@id\":\"https:\/\/blog.ovalmedicalcentre.co.uk\/pt-br\/atendimento-psicologico-em-londres-lisete-pinzon\/#primaryimage\"},\"image\":{\"@id\":\"https:\/\/blog.ovalmedicalcentre.co.uk\/pt-br\/atendimento-psicologico-em-londres-lisete-pinzon\/#primaryimage\"},\"thumbnailUrl\":\"https:\/\/blog.ovalmedicalcentre.co.uk\/wp-content\/uploads\/2022\/06\/Lisete-Psico-Play-Thumb.jpg\",\"datePublished\":\"2022-06-07T10:11:03+00:00\",\"dateModified\":\"2022-06-07T16:12:47+00:00\",\"breadcrumb\":{\"@id\":\"https:\/\/blog.ovalmedicalcentre.co.uk\/pt-br\/atendimento-psicologico-em-londres-lisete-pinzon\/#breadcrumb\"},\"inLanguage\":\"pt-BR\",\"potentialAction\":[{\"@type\":\"ReadAction\",\"target\":[\"https:\/\/blog.ovalmedicalcentre.co.uk\/pt-br\/atendimento-psicologico-em-londres-lisete-pinzon\/\"]}]},{\"@type\":\"ImageObject\",\"inLanguage\":\"pt-BR\",\"@id\":\"https:\/\/blog.ovalmedicalcentre.co.uk\/pt-br\/atendimento-psicologico-em-londres-lisete-pinzon\/#primaryimage\",\"url\":\"https:\/\/blog.ovalmedicalcentre.co.uk\/wp-content\/uploads\/2022\/06\/Lisete-Psico-Play-Thumb.jpg\",\"contentUrl\":\"https:\/\/blog.ovalmedicalcentre.co.uk\/wp-content\/uploads\/2022\/06\/Lisete-Psico-Play-Thumb.jpg\",\"width\":800,\"height\":450},{\"@type\":\"BreadcrumbList\",\"@id\":\"https:\/\/blog.ovalmedicalcentre.co.uk\/pt-br\/atendimento-psicologico-em-londres-lisete-pinzon\/#breadcrumb\",\"itemListElement\":[{\"@type\":\"ListItem\",\"position\":1,\"name\":\"Home\",\"item\":\"https:\/\/blog.ovalmedicalcentre.co.uk\/es\/\"},{\"@type\":\"ListItem\",\"position\":2,\"name\":\"Atendimento psicol\u00f3gico em Londres &#8211; Lisete Pinzon\"}]},{\"@type\":\"WebSite\",\"@id\":\"https:\/\/blog.ovalmedicalcentre.co.uk\/#website\",\"url\":\"https:\/\/blog.ovalmedicalcentre.co.uk\/\",\"name\":\"Oval Medical Centre Blog\",\"description\":\"\",\"publisher\":{\"@id\":\"https:\/\/blog.ovalmedicalcentre.co.uk\/#organization\"},\"potentialAction\":[{\"@type\":\"SearchAction\",\"target\":{\"@type\":\"EntryPoint\",\"urlTemplate\":\"https:\/\/blog.ovalmedicalcentre.co.uk\/?s={search_term_string}\"},\"query-input\":\"required name=search_term_string\"}],\"inLanguage\":\"pt-BR\"},{\"@type\":\"Organization\",\"@id\":\"https:\/\/blog.ovalmedicalcentre.co.uk\/#organization\",\"name\":\"Oval Medical Centre\",\"url\":\"https:\/\/blog.ovalmedicalcentre.co.uk\/\",\"logo\":{\"@type\":\"ImageObject\",\"inLanguage\":\"pt-BR\",\"@id\":\"https:\/\/blog.ovalmedicalcentre.co.uk\/#\/schema\/logo\/image\/\",\"url\":\"https:\/\/blog.ovalmedicalcentre.co.uk\/wp-content\/uploads\/2021\/05\/Oval-Medical-Centre-Blog2.png\",\"contentUrl\":\"https:\/\/blog.ovalmedicalcentre.co.uk\/wp-content\/uploads\/2021\/05\/Oval-Medical-Centre-Blog2.png\",\"width\":425,\"height\":71,\"caption\":\"Oval Medical Centre\"},\"image\":{\"@id\":\"https:\/\/blog.ovalmedicalcentre.co.uk\/#\/schema\/logo\/image\/\"}}]}<\/script>\n<!-- \/ Yoast SEO plugin. -->","yoast_head_json":{"title":"Atendimento psicol\u00f3gico em Londres - Lisete Pinzon - Oval Medical Centre Blog","robots":{"index":"index","follow":"follow","max-snippet":"max-snippet:-1","max-image-preview":"max-image-preview:large","max-video-preview":"max-video-preview:-1"},"canonical":"https:\/\/blog.ovalmedicalcentre.co.uk\/pt-br\/atendimento-psicologico-em-londres-lisete-pinzon\/","og_locale":"pt_BR","og_type":"article","og_title":"Atendimento psicol\u00f3gico em Londres - Lisete Pinzon - Oval Medical Centre Blog","og_description":"Atendimento psicol\u00f3gico em Londres &#8211; Lisete Pinzon Na Oval Medical Centre sabemos que cuidar da mente \u00e9 t\u00e3o importante quanto cuidar do f\u00edsico....","og_url":"https:\/\/blog.ovalmedicalcentre.co.uk\/pt-br\/atendimento-psicologico-em-londres-lisete-pinzon\/","og_site_name":"Oval Medical Centre Blog","article_modified_time":"2022-06-07T16:12:47+00:00","og_image":[{"width":800,"height":450,"url":"https:\/\/blog.ovalmedicalcentre.co.uk\/wp-content\/uploads\/2022\/06\/Lisete-Psico-Play-Thumb.jpg","type":"image\/jpeg"}],"twitter_card":"summary_large_image","twitter_misc":{"Est. tempo de leitura":"1 minuto"},"schema":{"@context":"https:\/\/schema.org","@graph":[{"@type":"WebPage","@id":"https:\/\/blog.ovalmedicalcentre.co.uk\/pt-br\/atendimento-psicologico-em-londres-lisete-pinzon\/","url":"https:\/\/blog.ovalmedicalcentre.co.uk\/pt-br\/atendimento-psicologico-em-londres-lisete-pinzon\/","name":"Atendimento psicol\u00f3gico em Londres - Lisete Pinzon - Oval Medical Centre Blog","isPartOf":{"@id":"https:\/\/blog.ovalmedicalcentre.co.uk\/#website"},"primaryImageOfPage":{"@id":"https:\/\/blog.ovalmedicalcentre.co.uk\/pt-br\/atendimento-psicologico-em-londres-lisete-pinzon\/#primaryimage"},"image":{"@id":"https:\/\/blog.ovalmedicalcentre.co.uk\/pt-br\/atendimento-psicologico-em-londres-lisete-pinzon\/#primaryimage"},"thumbnailUrl":"https:\/\/blog.ovalmedicalcentre.co.uk\/wp-content\/uploads\/2022\/06\/Lisete-Psico-Play-Thumb.jpg","datePublished":"2022-06-07T10:11:03+00:00","dateModified":"2022-06-07T16:12:47+00:00","breadcrumb":{"@id":"https:\/\/blog.ovalmedicalcentre.co.uk\/pt-br\/atendimento-psicologico-em-londres-lisete-pinzon\/#breadcrumb"},"inLanguage":"pt-BR","potentialAction":[{"@type":"ReadAction","target":["https:\/\/blog.ovalmedicalcentre.co.uk\/pt-br\/atendimento-psicologico-em-londres-lisete-pinzon\/"]}]},{"@type":"ImageObject","inLanguage":"pt-BR","@id":"https:\/\/blog.ovalmedicalcentre.co.uk\/pt-br\/atendimento-psicologico-em-londres-lisete-pinzon\/#primaryimage","url":"https:\/\/blog.ovalmedicalcentre.co.uk\/wp-content\/uploads\/2022\/06\/Lisete-Psico-Play-Thumb.jpg","contentUrl":"https:\/\/blog.ovalmedicalcentre.co.uk\/wp-content\/uploads\/2022\/06\/Lisete-Psico-Play-Thumb.jpg","width":800,"height":450},{"@type":"BreadcrumbList","@id":"https:\/\/blog.ovalmedicalcentre.co.uk\/pt-br\/atendimento-psicologico-em-londres-lisete-pinzon\/#breadcrumb","itemListElement":[{"@type":"ListItem","position":1,"name":"Home","item":"https:\/\/blog.ovalmedicalcentre.co.uk\/es\/"},{"@type":"ListItem","position":2,"name":"Atendimento psicol\u00f3gico em Londres &#8211; Lisete Pinzon"}]},{"@type":"WebSite","@id":"https:\/\/blog.ovalmedicalcentre.co.uk\/#website","url":"https:\/\/blog.ovalmedicalcentre.co.uk\/","name":"Oval Medical Centre Blog","description":"","publisher":{"@id":"https:\/\/blog.ovalmedicalcentre.co.uk\/#organization"},"potentialAction":[{"@type":"SearchAction","target":{"@type":"EntryPoint","urlTemplate":"https:\/\/blog.ovalmedicalcentre.co.uk\/?s={search_term_string}"},"query-input":"required name=search_term_string"}],"inLanguage":"pt-BR"},{"@type":"Organization","@id":"https:\/\/blog.ovalmedicalcentre.co.uk\/#organization","name":"Oval Medical Centre","url":"https:\/\/blog.ovalmedicalcentre.co.uk\/","logo":{"@type":"ImageObject","inLanguage":"pt-BR","@id":"https:\/\/blog.ovalmedicalcentre.co.uk\/#\/schema\/logo\/image\/","url":"https:\/\/blog.ovalmedicalcentre.co.uk\/wp-content\/uploads\/2021\/05\/Oval-Medical-Centre-Blog2.png","contentUrl":"https:\/\/blog.ovalmedicalcentre.co.uk\/wp-content\/uploads\/2021\/05\/Oval-Medical-Centre-Blog2.png","width":425,"height":71,"caption":"Oval Medical Centre"},"image":{"@id":"https:\/\/blog.ovalmedicalcentre.co.uk\/#\/schema\/logo\/image\/"}}]}},"amp_enabled":true,"_links":{"self":[{"href":"https:\/\/blog.ovalmedicalcentre.co.uk\/pt-br\/wp-json\/wp\/v2\/pages\/17042","targetHints":{"allow":["GET"]}}],"collection":[{"href":"https:\/\/blog.ovalmedicalcentre.co.uk\/pt-br\/wp-json\/wp\/v2\/pages"}],"about":[{"href":"https:\/\/blog.ovalmedicalcentre.co.uk\/pt-br\/wp-json\/wp\/v2\/types\/page"}],"author":[{"embeddable":true,"href":"https:\/\/blog.ovalmedicalcentre.co.uk\/pt-br\/wp-json\/wp\/v2\/users\/1"}],"replies":[{"embeddable":true,"href":"https:\/\/blog.ovalmedicalcentre.co.uk\/pt-br\/wp-json\/wp\/v2\/comments?post=17042"}],"version-history":[{"count":5,"href":"https:\/\/blog.ovalmedicalcentre.co.uk\/pt-br\/wp-json\/wp\/v2\/pages\/17042\/revisions"}],"predecessor-version":[{"id":17071,"href":"https:\/\/blog.ovalmedicalcentre.co.uk\/pt-br\/wp-json\/wp\/v2\/pages\/17042\/revisions\/17071"}],"wp:featuredmedia":[{"embeddable":true,"href":"https:\/\/blog.ovalmedicalcentre.co.uk\/pt-br\/wp-json\/wp\/v2\/media\/17044"}],"wp:attachment":[{"href":"https:\/\/blog.ovalmedicalcentre.co.uk\/pt-br\/wp-json\/wp\/v2\/media?parent=17042"}],"curies":[{"name":"wp","href":"https:\/\/api.w.org\/{rel}","templated":true}]}}