{"id":17051,"date":"2022-06-07T15:00:19","date_gmt":"2022-06-07T14:00:19","guid":{"rendered":"https:\/\/blog.ovalmedicalcentre.co.uk\/?page_id=17051"},"modified":"2022-06-07T17:17:19","modified_gmt":"2022-06-07T16:17:19","slug":"para-que-servem-as-amigdalas-dr-responde","status":"publish","type":"page","link":"https:\/\/blog.ovalmedicalcentre.co.uk\/pt-br\/para-que-servem-as-amigdalas-dr-responde\/","title":{"rendered":"Para que servem as am\u00edgdalas? Dr responde."},"content":{"rendered":"\t\t<div data-elementor-type=\"wp-page\" data-elementor-id=\"17051\" class=\"elementor elementor-17051\">\n\t\t\t\t\t\t<section class=\"elementor-section elementor-top-section elementor-element elementor-element-a10e8b0 elementor-section-boxed elementor-section-height-default elementor-section-height-default\" data-id=\"a10e8b0\" data-element_type=\"section\">\n\t\t\t\t\t\t<div class=\"elementor-container elementor-column-gap-default\">\n\t\t\t\t\t<div class=\"elementor-column elementor-col-100 elementor-top-column elementor-element elementor-element-f48cfd5\" data-id=\"f48cfd5\" data-element_type=\"column\">\n\t\t\t<div class=\"elementor-widget-wrap elementor-element-populated\">\n\t\t\t\t\t\t<div class=\"elementor-element elementor-element-53ce8e0 elementor-widget elementor-widget-video\" data-id=\"53ce8e0\" data-element_type=\"widget\" data-settings=\"{&quot;youtube_url&quot;:&quot;https:\\\/\\\/youtu.be\\\/xNjNXPsCpEE&quot;,&quot;play_on_mobile&quot;:&quot;yes&quot;,&quot;modestbranding&quot;:&quot;yes&quot;,&quot;show_image_overlay&quot;:&quot;yes&quot;,&quot;image_overlay&quot;:{&quot;url&quot;:&quot;https:\\\/\\\/blog.ovalmedicalcentre.co.uk\\\/wp-content\\\/uploads\\\/2022\\\/06\\\/Dr-Responde-Amigdalas.jpg&quot;,&quot;id&quot;:17053,&quot;size&quot;:&quot;&quot;,&quot;alt&quot;:&quot;&quot;,&quot;source&quot;:&quot;library&quot;},&quot;video_type&quot;:&quot;youtube&quot;,&quot;controls&quot;:&quot;yes&quot;}\" data-widget_type=\"video.default\">\n\t\t\t\t<div class=\"elementor-widget-container\">\n\t\t\t\t\t<div class=\"elementor-wrapper elementor-open-inline\">\n\t\t\t<div class=\"elementor-video\"><\/div>\t\t\t\t<div class=\"elementor-custom-embed-image-overlay\" style=\"background-image: url(https:\/\/blog.ovalmedicalcentre.co.uk\/wp-content\/uploads\/2022\/06\/Dr-Responde-Amigdalas.jpg);\">\n\t\t\t\t\t\t\t\t\t\t\t\t\t\t\t\t<div class=\"elementor-custom-embed-play\" role=\"button\" aria-label=\"Reproduzir v\u00eddeo\" tabindex=\"0\">\n\t\t\t\t\t\t\t<i aria-hidden=\"true\" class=\"eicon-play\"><\/i>\t\t\t\t\t\t\t<span class=\"elementor-screen-only\">Reproduzir v\u00eddeo<\/span>\n\t\t\t\t\t\t<\/div>\n\t\t\t\t\t\t\t\t\t<\/div>\n\t\t\t\t\t<\/div>\n\t\t\t\t<\/div>\n\t\t\t\t<\/div>\n\t\t\t\t<div class=\"elementor-element elementor-element-7f66a7b elementor-widget elementor-widget-heading\" data-id=\"7f66a7b\" data-element_type=\"widget\" data-widget_type=\"heading.default\">\n\t\t\t\t<div class=\"elementor-widget-container\">\n\t\t\t<h2 class=\"elementor-heading-title elementor-size-default\">Para que servem as am\u00edgdalas? Dr responde.<\/h2>\t\t<\/div>\n\t\t\t\t<\/div>\n\t\t\t\t<div class=\"elementor-element elementor-element-b2e0033 elementor-widget elementor-widget-text-editor\" data-id=\"b2e0033\" data-element_type=\"widget\" data-widget_type=\"text-editor.default\">\n\t\t\t\t<div class=\"elementor-widget-container\">\n\t\t\t\t\t\t\t<span style=\"font-size: 18px;\">\nAs am\u00edgdalas s\u00e3o duas massas com formato semelhante ao de uma am\u00eandoa, situadas na parte de tr\u00e1s da garganta. N\u00e3o raras vezes est\u00e3o associadas a situa\u00e7\u00f5es patol\u00f3gicas como amigdalite aguda (de origem viral ou bacteriana) ou hipertrofia das am\u00edgdalas, podendo em alguns casos requerer remo\u00e7\u00e3o cir\u00fargica.  \n\nNeste v\u00eddeo, Dra. Sonia Jardim explica mais sobre as am\u00edgdalas.\n<\/span>\t\t\t\t\t\t<\/div>\n\t\t\t\t<\/div>\n\t\t\t\t<div class=\"elementor-element elementor-element-6157e15 elementor-widget elementor-widget-helpful-widget\" data-id=\"6157e15\" data-element_type=\"widget\" data-widget_type=\"helpful-widget.default\">\n\t\t\t\t<div class=\"elementor-widget-container\">\n\t\t\t<style>.helpful {}<\/style>\n<div class=\"helpful \">\n\n\t\t<div class=\"helpful-header\">\n\t\t<h3 class=\"helpful-headline\">Was this article helpful?<\/h3>\t<\/div><!-- .helpful-header -->\n\t\n\t<div class=\"helpful-content\" role=\"alert\">\n\t\t<span>Let us know if you liked the post. That\u2019s the only way we can improve.<\/span>\n\t<\/div><!-- .helpful-content -->\n\n\t\t<div class=\"helpful-controls\">\n\n\t\t\t\t<div>\n\t\t\t<button class=\"helpful-pro helpful-button\" type=\"button\" data-value=\"pro\" data-post=\"17051\" data-instance=\"234\" role=\"button\">\n\t\t\t\tYes\t\t\t\t<span class=\"helpful-counter\">2<\/span>\t\t\t<\/button>\n\t\t<\/div>\n\t\t\n\t\t\t\t<div>\n\t\t\t<button class=\"helpful-contra helpful-button\" type=\"button\" data-value=\"contra\" data-post=\"17051\" data-instance=\"234\" role=\"button\">\n\t\t\t\tNo\t\t\t\t<span class=\"helpful-counter\">0<\/span>\t\t\t<\/button>\n\t\t<\/div>\n\t\t\n\t<\/div><!-- .helpful-controls -->\n\t\n\t\n<\/div><!-- .helpful -->\n\t\t<\/div>\n\t\t\t\t<\/div>\n\t\t\t\t\t<\/div>\n\t\t<\/div>\n\t\t\t\t\t<\/div>\n\t\t<\/section>\n\t\t\t\t<\/div>\n\t\t","protected":false},"excerpt":{"rendered":"<p>Para que servem as am\u00edgdalas? Dr responde. As am\u00edgdalas s\u00e3o duas massas com formato semelhante ao de uma am\u00eandoa, situadas na parte de&#8230;<\/p>\n","protected":false},"author":1,"featured_media":17053,"parent":0,"menu_order":0,"comment_status":"closed","ping_status":"closed","template":"","meta":{"footnotes":""},"class_list":["post-17051","page","type-page","status-publish","has-post-thumbnail","hentry"],"yoast_head":"<!-- This site is optimized with the Yoast SEO plugin v22.8 - https:\/\/yoast.com\/wordpress\/plugins\/seo\/ -->\n<title>Para que servem as am\u00edgdalas? Dr responde. - Oval Medical Centre Blog<\/title>\n<meta name=\"robots\" content=\"index, follow, max-snippet:-1, max-image-preview:large, max-video-preview:-1\" \/>\n<link rel=\"canonical\" href=\"https:\/\/blog.ovalmedicalcentre.co.uk\/pt-br\/para-que-servem-as-amigdalas-dr-responde\/\" \/>\n<meta property=\"og:locale\" content=\"pt_BR\" \/>\n<meta property=\"og:type\" content=\"article\" \/>\n<meta property=\"og:title\" content=\"Para que servem as am\u00edgdalas? Dr responde. - Oval Medical Centre Blog\" \/>\n<meta property=\"og:description\" content=\"Para que servem as am\u00edgdalas? Dr responde. As am\u00edgdalas s\u00e3o duas massas com formato semelhante ao de uma am\u00eandoa, situadas na parte de...\" \/>\n<meta property=\"og:url\" content=\"https:\/\/blog.ovalmedicalcentre.co.uk\/pt-br\/para-que-servem-as-amigdalas-dr-responde\/\" \/>\n<meta property=\"og:site_name\" content=\"Oval Medical Centre Blog\" \/>\n<meta property=\"article:modified_time\" content=\"2022-06-07T16:17:19+00:00\" \/>\n<meta property=\"og:image\" content=\"https:\/\/blog.ovalmedicalcentre.co.uk\/wp-content\/uploads\/2022\/06\/Dr-Responde-Amigdalas.jpg\" \/>\n\t<meta property=\"og:image:width\" content=\"800\" \/>\n\t<meta property=\"og:image:height\" content=\"450\" \/>\n\t<meta property=\"og:image:type\" content=\"image\/jpeg\" \/>\n<meta name=\"twitter:card\" content=\"summary_large_image\" \/>\n<meta name=\"twitter:label1\" content=\"Est. tempo de leitura\" \/>\n\t<meta name=\"twitter:data1\" content=\"1 minuto\" \/>\n<script type=\"application\/ld+json\" class=\"yoast-schema-graph\">{\"@context\":\"https:\/\/schema.org\",\"@graph\":[{\"@type\":\"WebPage\",\"@id\":\"https:\/\/blog.ovalmedicalcentre.co.uk\/pt-br\/para-que-servem-as-amigdalas-dr-responde\/\",\"url\":\"https:\/\/blog.ovalmedicalcentre.co.uk\/pt-br\/para-que-servem-as-amigdalas-dr-responde\/\",\"name\":\"Para que servem as am\u00edgdalas? Dr responde. - Oval Medical Centre Blog\",\"isPartOf\":{\"@id\":\"https:\/\/blog.ovalmedicalcentre.co.uk\/#website\"},\"primaryImageOfPage\":{\"@id\":\"https:\/\/blog.ovalmedicalcentre.co.uk\/pt-br\/para-que-servem-as-amigdalas-dr-responde\/#primaryimage\"},\"image\":{\"@id\":\"https:\/\/blog.ovalmedicalcentre.co.uk\/pt-br\/para-que-servem-as-amigdalas-dr-responde\/#primaryimage\"},\"thumbnailUrl\":\"https:\/\/blog.ovalmedicalcentre.co.uk\/wp-content\/uploads\/2022\/06\/Dr-Responde-Amigdalas.jpg\",\"datePublished\":\"2022-06-07T14:00:19+00:00\",\"dateModified\":\"2022-06-07T16:17:19+00:00\",\"breadcrumb\":{\"@id\":\"https:\/\/blog.ovalmedicalcentre.co.uk\/pt-br\/para-que-servem-as-amigdalas-dr-responde\/#breadcrumb\"},\"inLanguage\":\"pt-BR\",\"potentialAction\":[{\"@type\":\"ReadAction\",\"target\":[\"https:\/\/blog.ovalmedicalcentre.co.uk\/pt-br\/para-que-servem-as-amigdalas-dr-responde\/\"]}]},{\"@type\":\"ImageObject\",\"inLanguage\":\"pt-BR\",\"@id\":\"https:\/\/blog.ovalmedicalcentre.co.uk\/pt-br\/para-que-servem-as-amigdalas-dr-responde\/#primaryimage\",\"url\":\"https:\/\/blog.ovalmedicalcentre.co.uk\/wp-content\/uploads\/2022\/06\/Dr-Responde-Amigdalas.jpg\",\"contentUrl\":\"https:\/\/blog.ovalmedicalcentre.co.uk\/wp-content\/uploads\/2022\/06\/Dr-Responde-Amigdalas.jpg\",\"width\":800,\"height\":450},{\"@type\":\"BreadcrumbList\",\"@id\":\"https:\/\/blog.ovalmedicalcentre.co.uk\/pt-br\/para-que-servem-as-amigdalas-dr-responde\/#breadcrumb\",\"itemListElement\":[{\"@type\":\"ListItem\",\"position\":1,\"name\":\"Home\",\"item\":\"https:\/\/blog.ovalmedicalcentre.co.uk\/es\/\"},{\"@type\":\"ListItem\",\"position\":2,\"name\":\"Para que servem as am\u00edgdalas? Dr responde.\"}]},{\"@type\":\"WebSite\",\"@id\":\"https:\/\/blog.ovalmedicalcentre.co.uk\/#website\",\"url\":\"https:\/\/blog.ovalmedicalcentre.co.uk\/\",\"name\":\"Oval Medical Centre Blog\",\"description\":\"\",\"publisher\":{\"@id\":\"https:\/\/blog.ovalmedicalcentre.co.uk\/#organization\"},\"potentialAction\":[{\"@type\":\"SearchAction\",\"target\":{\"@type\":\"EntryPoint\",\"urlTemplate\":\"https:\/\/blog.ovalmedicalcentre.co.uk\/?s={search_term_string}\"},\"query-input\":\"required name=search_term_string\"}],\"inLanguage\":\"pt-BR\"},{\"@type\":\"Organization\",\"@id\":\"https:\/\/blog.ovalmedicalcentre.co.uk\/#organization\",\"name\":\"Oval Medical Centre\",\"url\":\"https:\/\/blog.ovalmedicalcentre.co.uk\/\",\"logo\":{\"@type\":\"ImageObject\",\"inLanguage\":\"pt-BR\",\"@id\":\"https:\/\/blog.ovalmedicalcentre.co.uk\/#\/schema\/logo\/image\/\",\"url\":\"https:\/\/blog.ovalmedicalcentre.co.uk\/wp-content\/uploads\/2021\/05\/Oval-Medical-Centre-Blog2.png\",\"contentUrl\":\"https:\/\/blog.ovalmedicalcentre.co.uk\/wp-content\/uploads\/2021\/05\/Oval-Medical-Centre-Blog2.png\",\"width\":425,\"height\":71,\"caption\":\"Oval Medical Centre\"},\"image\":{\"@id\":\"https:\/\/blog.ovalmedicalcentre.co.uk\/#\/schema\/logo\/image\/\"}}]}<\/script>\n<!-- \/ Yoast SEO plugin. -->","yoast_head_json":{"title":"Para que servem as am\u00edgdalas? Dr responde. - Oval Medical Centre Blog","robots":{"index":"index","follow":"follow","max-snippet":"max-snippet:-1","max-image-preview":"max-image-preview:large","max-video-preview":"max-video-preview:-1"},"canonical":"https:\/\/blog.ovalmedicalcentre.co.uk\/pt-br\/para-que-servem-as-amigdalas-dr-responde\/","og_locale":"pt_BR","og_type":"article","og_title":"Para que servem as am\u00edgdalas? Dr responde. - Oval Medical Centre Blog","og_description":"Para que servem as am\u00edgdalas? Dr responde. As am\u00edgdalas s\u00e3o duas massas com formato semelhante ao de uma am\u00eandoa, situadas na parte de...","og_url":"https:\/\/blog.ovalmedicalcentre.co.uk\/pt-br\/para-que-servem-as-amigdalas-dr-responde\/","og_site_name":"Oval Medical Centre Blog","article_modified_time":"2022-06-07T16:17:19+00:00","og_image":[{"width":800,"height":450,"url":"https:\/\/blog.ovalmedicalcentre.co.uk\/wp-content\/uploads\/2022\/06\/Dr-Responde-Amigdalas.jpg","type":"image\/jpeg"}],"twitter_card":"summary_large_image","twitter_misc":{"Est. tempo de leitura":"1 minuto"},"schema":{"@context":"https:\/\/schema.org","@graph":[{"@type":"WebPage","@id":"https:\/\/blog.ovalmedicalcentre.co.uk\/pt-br\/para-que-servem-as-amigdalas-dr-responde\/","url":"https:\/\/blog.ovalmedicalcentre.co.uk\/pt-br\/para-que-servem-as-amigdalas-dr-responde\/","name":"Para que servem as am\u00edgdalas? Dr responde. - Oval Medical Centre Blog","isPartOf":{"@id":"https:\/\/blog.ovalmedicalcentre.co.uk\/#website"},"primaryImageOfPage":{"@id":"https:\/\/blog.ovalmedicalcentre.co.uk\/pt-br\/para-que-servem-as-amigdalas-dr-responde\/#primaryimage"},"image":{"@id":"https:\/\/blog.ovalmedicalcentre.co.uk\/pt-br\/para-que-servem-as-amigdalas-dr-responde\/#primaryimage"},"thumbnailUrl":"https:\/\/blog.ovalmedicalcentre.co.uk\/wp-content\/uploads\/2022\/06\/Dr-Responde-Amigdalas.jpg","datePublished":"2022-06-07T14:00:19+00:00","dateModified":"2022-06-07T16:17:19+00:00","breadcrumb":{"@id":"https:\/\/blog.ovalmedicalcentre.co.uk\/pt-br\/para-que-servem-as-amigdalas-dr-responde\/#breadcrumb"},"inLanguage":"pt-BR","potentialAction":[{"@type":"ReadAction","target":["https:\/\/blog.ovalmedicalcentre.co.uk\/pt-br\/para-que-servem-as-amigdalas-dr-responde\/"]}]},{"@type":"ImageObject","inLanguage":"pt-BR","@id":"https:\/\/blog.ovalmedicalcentre.co.uk\/pt-br\/para-que-servem-as-amigdalas-dr-responde\/#primaryimage","url":"https:\/\/blog.ovalmedicalcentre.co.uk\/wp-content\/uploads\/2022\/06\/Dr-Responde-Amigdalas.jpg","contentUrl":"https:\/\/blog.ovalmedicalcentre.co.uk\/wp-content\/uploads\/2022\/06\/Dr-Responde-Amigdalas.jpg","width":800,"height":450},{"@type":"BreadcrumbList","@id":"https:\/\/blog.ovalmedicalcentre.co.uk\/pt-br\/para-que-servem-as-amigdalas-dr-responde\/#breadcrumb","itemListElement":[{"@type":"ListItem","position":1,"name":"Home","item":"https:\/\/blog.ovalmedicalcentre.co.uk\/es\/"},{"@type":"ListItem","position":2,"name":"Para que servem as am\u00edgdalas? Dr responde."}]},{"@type":"WebSite","@id":"https:\/\/blog.ovalmedicalcentre.co.uk\/#website","url":"https:\/\/blog.ovalmedicalcentre.co.uk\/","name":"Oval Medical Centre Blog","description":"","publisher":{"@id":"https:\/\/blog.ovalmedicalcentre.co.uk\/#organization"},"potentialAction":[{"@type":"SearchAction","target":{"@type":"EntryPoint","urlTemplate":"https:\/\/blog.ovalmedicalcentre.co.uk\/?s={search_term_string}"},"query-input":"required name=search_term_string"}],"inLanguage":"pt-BR"},{"@type":"Organization","@id":"https:\/\/blog.ovalmedicalcentre.co.uk\/#organization","name":"Oval Medical Centre","url":"https:\/\/blog.ovalmedicalcentre.co.uk\/","logo":{"@type":"ImageObject","inLanguage":"pt-BR","@id":"https:\/\/blog.ovalmedicalcentre.co.uk\/#\/schema\/logo\/image\/","url":"https:\/\/blog.ovalmedicalcentre.co.uk\/wp-content\/uploads\/2021\/05\/Oval-Medical-Centre-Blog2.png","contentUrl":"https:\/\/blog.ovalmedicalcentre.co.uk\/wp-content\/uploads\/2021\/05\/Oval-Medical-Centre-Blog2.png","width":425,"height":71,"caption":"Oval Medical Centre"},"image":{"@id":"https:\/\/blog.ovalmedicalcentre.co.uk\/#\/schema\/logo\/image\/"}}]}},"amp_enabled":true,"_links":{"self":[{"href":"https:\/\/blog.ovalmedicalcentre.co.uk\/pt-br\/wp-json\/wp\/v2\/pages\/17051","targetHints":{"allow":["GET"]}}],"collection":[{"href":"https:\/\/blog.ovalmedicalcentre.co.uk\/pt-br\/wp-json\/wp\/v2\/pages"}],"about":[{"href":"https:\/\/blog.ovalmedicalcentre.co.uk\/pt-br\/wp-json\/wp\/v2\/types\/page"}],"author":[{"embeddable":true,"href":"https:\/\/blog.ovalmedicalcentre.co.uk\/pt-br\/wp-json\/wp\/v2\/users\/1"}],"replies":[{"embeddable":true,"href":"https:\/\/blog.ovalmedicalcentre.co.uk\/pt-br\/wp-json\/wp\/v2\/comments?post=17051"}],"version-history":[{"count":11,"href":"https:\/\/blog.ovalmedicalcentre.co.uk\/pt-br\/wp-json\/wp\/v2\/pages\/17051\/revisions"}],"predecessor-version":[{"id":17075,"href":"https:\/\/blog.ovalmedicalcentre.co.uk\/pt-br\/wp-json\/wp\/v2\/pages\/17051\/revisions\/17075"}],"wp:featuredmedia":[{"embeddable":true,"href":"https:\/\/blog.ovalmedicalcentre.co.uk\/pt-br\/wp-json\/wp\/v2\/media\/17053"}],"wp:attachment":[{"href":"https:\/\/blog.ovalmedicalcentre.co.uk\/pt-br\/wp-json\/wp\/v2\/media?parent=17051"}],"curies":[{"name":"wp","href":"https:\/\/api.w.org\/{rel}","templated":true}]}}